{"id":2119,"date":"2021-07-01T22:56:38","date_gmt":"2021-07-01T20:56:38","guid":{"rendered":"https:\/\/argoaerospace.it\/openargo\/?page_id=2119"},"modified":"2023-12-31T09:46:58","modified_gmt":"2023-12-31T08:46:58","slug":"legal-notices","status":"publish","type":"page","link":"https:\/\/argoaerospace.it\/en\/legal-notices\/","title":{"rendered":"Legal Notices"},"content":{"rendered":"<div data-elementor-type=\"wp-page\" data-elementor-id=\"2119\" class=\"elementor elementor-2119\">\n\t\t\t\t\t\t<section class=\"elementor-section elementor-top-section elementor-element elementor-element-371e341 elementor-section-height-min-height elementor-section-items-bottom elementor-section-boxed elementor-section-height-default\" data-id=\"371e341\" data-element_type=\"section\">\n\t\t\t\t\t\t\t<div class=\"elementor-background-overlay\"><\/div>\n\t\t\t\t\t\t\t<div class=\"elementor-container elementor-column-gap-no\">\n\t\t\t\t\t<div class=\"elementor-column elementor-col-100 elementor-top-column elementor-element elementor-element-213772b\" data-id=\"213772b\" data-element_type=\"column\">\n\t\t\t<div class=\"elementor-widget-wrap\">\n\t\t\t\t\t\t\t<\/div>\n\t\t<\/div>\n\t\t\t\t\t<\/div>\n\t\t<\/section>\n\t\t\t\t<section class=\"elementor-section elementor-top-section elementor-element elementor-element-7e8df4c elementor-section-boxed elementor-section-height-default elementor-section-height-default\" data-id=\"7e8df4c\" data-element_type=\"section\">\n\t\t\t\t\t\t<div class=\"elementor-container elementor-column-gap-no\">\n\t\t\t\t\t<div class=\"elementor-column elementor-col-50 elementor-top-column elementor-element elementor-element-9021372\" data-id=\"9021372\" data-element_type=\"column\">\n\t\t\t<div class=\"elementor-widget-wrap elementor-element-populated\">\n\t\t\t\t\t\t<div class=\"elementor-element elementor-element-f29bf23 elementor-widget elementor-widget-heading\" data-id=\"f29bf23\" data-element_type=\"widget\" data-widget_type=\"heading.default\">\n\t\t\t\t<div class=\"elementor-widget-container\">\n\t\t\t\t\t<h6 class=\"elementor-heading-title elementor-size-default\">01<\/h6>\t\t\t\t<\/div>\n\t\t\t\t<\/div>\n\t\t\t\t\t<\/div>\n\t\t<\/div>\n\t\t\t\t<div class=\"elementor-column elementor-col-50 elementor-top-column elementor-element elementor-element-b1f6799\" data-id=\"b1f6799\" data-element_type=\"column\">\n\t\t\t<div class=\"elementor-widget-wrap elementor-element-populated\">\n\t\t\t\t\t\t<div class=\"elementor-element elementor-element-b5a9291 elementor-widget elementor-widget-heading\" data-id=\"b5a9291\" data-element_type=\"widget\" data-widget_type=\"heading.default\">\n\t\t\t\t<div class=\"elementor-widget-container\">\n\t\t\t\t\t<h3 class=\"elementor-heading-title elementor-size-xl\">Legal Notices<\/h3>\t\t\t\t<\/div>\n\t\t\t\t<\/div>\n\t\t\t\t\t<\/div>\n\t\t<\/div>\n\t\t\t\t\t<\/div>\n\t\t<\/section>\n\t\t\t\t<section class=\"elementor-section elementor-top-section elementor-element elementor-element-12bd395 elementor-section-boxed elementor-section-height-default elementor-section-height-default\" data-id=\"12bd395\" data-element_type=\"section\">\n\t\t\t\t\t\t<div class=\"elementor-container elementor-column-gap-no\">\n\t\t\t\t\t<div class=\"elementor-column elementor-col-50 elementor-top-column elementor-element elementor-element-cb3011a\" data-id=\"cb3011a\" data-element_type=\"column\">\n\t\t\t<div class=\"elementor-widget-wrap\">\n\t\t\t\t\t\t\t<\/div>\n\t\t<\/div>\n\t\t\t\t<div class=\"elementor-column elementor-col-50 elementor-top-column elementor-element elementor-element-7479ef5\" data-id=\"7479ef5\" data-element_type=\"column\">\n\t\t\t<div class=\"elementor-widget-wrap\">\n\t\t\t\t\t\t\t<\/div>\n\t\t<\/div>\n\t\t\t\t\t<\/div>\n\t\t<\/section>\n\t\t\t\t<section class=\"elementor-section elementor-top-section elementor-element elementor-element-5d2f636 elementor-section-boxed elementor-section-height-default elementor-section-height-default\" data-id=\"5d2f636\" data-element_type=\"section\">\n\t\t\t\t\t\t<div class=\"elementor-container elementor-column-gap-default\">\n\t\t\t\t\t<div class=\"elementor-column elementor-col-100 elementor-top-column elementor-element elementor-element-a1e3b59\" data-id=\"a1e3b59\" data-element_type=\"column\">\n\t\t\t<div class=\"elementor-widget-wrap elementor-element-populated\">\n\t\t\t\t\t\t<div class=\"elementor-element elementor-element-d88d85f elementor-widget elementor-widget-html\" data-id=\"d88d85f\" data-element_type=\"widget\" data-widget_type=\"html.default\">\n\t\t\t\t<div class=\"elementor-widget-container\">\n\t\t\t\t\t<div>\r\n\t\t\r\n\r\n\r\n<h3><strong>L\u2019accesso a questo sito web da parte dei visitatori \u00e8 soggetto alle seguenti condizioni.<\/strong><\/h3>\r\n\r\n\r\n\r\n<p>Le informazioni, i loghi, gli elementi grafici, i suoni, le immagini, i marchi e quant\u2019altro pubblicato e\/o riprodotto in questo sito, se non diversamente specificato, sono di propriet\u00e0 di <strong>Argo Aerospace<\/strong> di Francesco Garbin Guarducci.<\/p>\r\n\r\n\r\n\r\n<p>La riproduzione del contenuto del sito \u00e8 consentita esclusivamente dietro autorizzazione scritta di <strong>Argo Aerospace<\/strong> di Francesco Garbin Guarducci.<\/p>\r\n\r\n\r\n\r\n<p>\u00c8 pertanto vietato modificare, copiare, riprodurre, distribuire, trasmettere o diffondere senza autorizzazione il contenuto di questo sito.<\/p>\r\n\r\n\r\n\r\n<p>In particolare, \u00e8 vietato copiare i programmi per elaboratore (software) che determinano il funzionamento di questo sito, creare programmi a questi simili, rintracciare e\/o utilizzare il codice sorgente dei suddetti programmi.<\/p>\r\n\r\n\r\n\r\n<p><strong>Argo Aerospace<\/strong> di Francesco Garbin Guarducci, nella figura di Francesco Garbin Guarducci non garantisce il costante aggiornamento delle informazioni contenute in questo sito n\u00e9 potr\u00e0 essere ritenuto responsabile degli eventuali danni, tra i quali le infezioni da virus informatici che le apparecchiature dei visitatori dovessero patire a causa dell\u2019accesso e\/o dell\u2019interconnessione con questo sito o dello scaricamento (download) del suo contenuto.<\/p>\r\n\r\n\r\n\r\n<p>I collegamenti ipertestuali (link) presenti in questo sito possono indirizzare i visitatori verso pagine web presenti su siti diversi dal presente. In tal caso, non si assume alcuna responsabilit\u00e0 in relazione sia al contenuto di quanto pubblicato su tali siti ed all\u2019uso che terzi ne possano fare, sia per quanto riguarda eventuali danni provocati da o originati in occasione dell\u2019accesso a tali siti, dell\u2019interconnessione con gli stessi o dello scaricamento del loro contenuto.<\/p>\r\n\r\n\r\n\r\n<p>Ogni informazione personale inviata al sito di <strong>Argo Aerospace<\/strong> di Francesco Garbin Guarducci. sar\u00e0 trattata in modo conforme alla legge sulla privacy, per maggiori informazioni \u00e8 possibile consultare la nostra <a href=\"https:\/\/argoaerospace.it\/en\/privacy\/\">informativa sulla privacy<\/a>.<\/p>\r\n\r\n\r\n\r\n<p>Ogni informazione non personale comunicata a <strong>Argo Aerospace<\/strong> di Francesco Garbin Guarducci, nella figura di Francesco Garbin Guarducci attraverso il presente sito (inclusi suggerimenti, idee, disegni, progetti, etc..) attribuir\u00e0 a <strong>Argo Aerospace<\/strong> di Francesco Garbin Guarducci il diritto esclusivo, illimitato e irrevocabile, di usare, riprodurre, mostrare, eseguire, modificare, trasmettere e distribuire dette informazioni non personali.<\/p>\r\n\r\n\r\n\r\n<p>La comunicazione di tali informazioni comporter\u00e0 automaticamente il trasferimento delle stesse, a titolo gratuito, in via esclusiva e con ogni pi\u00f9 ampio diritto e facolt\u00e0 a <strong>Argo Aerospace<\/strong> di Francesco Garbin Guarducci e quindi al suo rappresentante Francesco Garbin Guarducci. Al presente sito si applica la normativa in vigore nel territorio della Repubblica Italiana.<\/p>\r\n\t\t\t<\/div>\t\t\t\t<\/div>\n\t\t\t\t<\/div>\n\t\t\t\t\t<\/div>\n\t\t<\/div>\n\t\t\t\t\t<\/div>\n\t\t<\/section>\n\t\t\t\t<\/div>","protected":false},"excerpt":{"rendered":"<p>01 Legal Notices L\u2019accesso a questo sito web da parte dei visitatori \u00e8 soggetto alle seguenti condizioni. Le informazioni, i loghi, gli elementi grafici, i suoni, le immagini, i marchi e quant\u2019altro pubblicato e\/o riprodotto in questo sito, se non diversamente specificato, sono di propriet\u00e0 di Argo Aerospace di Francesco Garbin Guarducci. La riproduzione del [&hellip;]<\/p>","protected":false},"author":1,"featured_media":0,"parent":0,"menu_order":0,"comment_status":"closed","ping_status":"closed","template":"","meta":{"_monsterinsights_skip_tracking":false,"_monsterinsights_sitenote_active":false,"_monsterinsights_sitenote_note":"","_monsterinsights_sitenote_category":0,"site-sidebar-layout":"no-sidebar","site-content-layout":"page-builder","ast-site-content-layout":"","site-content-style":"default","site-sidebar-style":"default","ast-global-header-display":"","ast-banner-title-visibility":"","ast-main-header-display":"","ast-hfb-above-header-display":"","ast-hfb-below-header-display":"","ast-hfb-mobile-header-display":"","site-post-title":"disabled","ast-breadcrumbs-content":"disabled","ast-featured-img":"disabled","footer-sml-layout":"","theme-transparent-header-meta":"enabled","adv-header-id-meta":"","stick-header-meta":"","header-above-stick-meta":"","header-main-stick-meta":"","header-below-stick-meta":"","astra-migrate-meta-layouts":"default","ast-page-background-enabled":"default","ast-page-background-meta":{"desktop":{"background-color":"","background-image":"","background-repeat":"repeat","background-position":"center center","background-size":"auto","background-attachment":"scroll","background-type":"","background-media":"","overlay-type":"","overlay-color":"","overlay-gradient":""},"tablet":{"background-color":"","background-image":"","background-repeat":"repeat","background-position":"center center","background-size":"auto","background-attachment":"scroll","background-type":"","background-media":"","overlay-type":"","overlay-color":"","overlay-gradient":""},"mobile":{"background-color":"","background-image":"","background-repeat":"repeat","background-position":"center center","background-size":"auto","background-attachment":"scroll","background-type":"","background-media":"","overlay-type":"","overlay-color":"","overlay-gradient":""}},"ast-content-background-meta":{"desktop":{"background-color":"var(--ast-global-color-5)","background-image":"","background-repeat":"repeat","background-position":"center center","background-size":"auto","background-attachment":"scroll","background-type":"","background-media":"","overlay-type":"","overlay-color":"","overlay-gradient":""},"tablet":{"background-color":"var(--ast-global-color-5)","background-image":"","background-repeat":"repeat","background-position":"center center","background-size":"auto","background-attachment":"scroll","background-type":"","background-media":"","overlay-type":"","overlay-color":"","overlay-gradient":""},"mobile":{"background-color":"var(--ast-global-color-5)","background-image":"","background-repeat":"repeat","background-position":"center center","background-size":"auto","background-attachment":"scroll","background-type":"","background-media":"","overlay-type":"","overlay-color":"","overlay-gradient":""}},"footnotes":""},"class_list":["post-2119","page","type-page","status-publish","hentry"],"yoast_head":"<!-- This site is optimized with the Yoast SEO plugin v26.7 - https:\/\/yoast.com\/wordpress\/plugins\/seo\/ -->\n<title>Legal Notices - Argo Aerospace<\/title>\n<meta name=\"description\" content=\"Legal Notices - Argo Aerospace \u00e8 una Software House specializzata nella realizzazione di Sistemi Operativi real time per Droni Professionali.\" \/>\n<meta name=\"robots\" content=\"index, follow, max-snippet:-1, max-image-preview:large, max-video-preview:-1\" \/>\n<link rel=\"canonical\" href=\"https:\/\/argoaerospace.it\/en\/legal-notices\/\" \/>\n<meta property=\"og:locale\" content=\"en_GB\" \/>\n<meta property=\"og:type\" content=\"article\" \/>\n<meta property=\"og:title\" content=\"Legal Notices - Argo Aerospace\" \/>\n<meta property=\"og:description\" content=\"Legal Notices - Argo Aerospace \u00e8 una Software House specializzata nella realizzazione di Sistemi Operativi real time per Droni Professionali.\" \/>\n<meta property=\"og:url\" content=\"https:\/\/argoaerospace.it\/en\/legal-notices\/\" \/>\n<meta property=\"og:site_name\" content=\"Argo Aerospace\" \/>\n<meta property=\"article:modified_time\" content=\"2023-12-31T08:46:58+00:00\" \/>\n<meta property=\"og:image\" content=\"https:\/\/argoaerospace.it\/wp-content\/uploads\/2021\/04\/logo-normal.png\" \/>\n\t<meta property=\"og:image:width\" content=\"1990\" \/>\n\t<meta property=\"og:image:height\" content=\"314\" \/>\n\t<meta property=\"og:image:type\" content=\"image\/png\" \/>\n<meta name=\"twitter:card\" content=\"summary_large_image\" \/>\n<meta name=\"twitter:label1\" content=\"Estimated reading time\" \/>\n\t<meta name=\"twitter:data1\" content=\"3 minutes\" \/>\n<script type=\"application\/ld+json\" class=\"yoast-schema-graph\">{\"@context\":\"https:\/\/schema.org\",\"@graph\":[{\"@type\":\"WebPage\",\"@id\":\"https:\/\/argoaerospace.it\/legal-notices\/\",\"url\":\"https:\/\/argoaerospace.it\/legal-notices\/\",\"name\":\"Legal Notices - Argo Aerospace\",\"isPartOf\":{\"@id\":\"https:\/\/argoaerospace.it\/#website\"},\"datePublished\":\"2021-07-01T20:56:38+00:00\",\"dateModified\":\"2023-12-31T08:46:58+00:00\",\"description\":\"Legal Notices - Argo Aerospace \u00e8 una Software House specializzata nella realizzazione di Sistemi Operativi real time per Droni Professionali.\",\"breadcrumb\":{\"@id\":\"https:\/\/argoaerospace.it\/legal-notices\/#breadcrumb\"},\"inLanguage\":\"en-GB\",\"potentialAction\":[{\"@type\":\"ReadAction\",\"target\":[\"https:\/\/argoaerospace.it\/legal-notices\/\"]}]},{\"@type\":\"BreadcrumbList\",\"@id\":\"https:\/\/argoaerospace.it\/legal-notices\/#breadcrumb\",\"itemListElement\":[{\"@type\":\"ListItem\",\"position\":1,\"name\":\"Home\",\"item\":\"https:\/\/argoaerospace.it\/\"},{\"@type\":\"ListItem\",\"position\":2,\"name\":\"Legal Notices\"}]},{\"@type\":\"WebSite\",\"@id\":\"https:\/\/argoaerospace.it\/#website\",\"url\":\"https:\/\/argoaerospace.it\/\",\"name\":\"Argo Aerospace\",\"description\":\"Argo Aerospace opera nel comparto ICT \u2013 Aerospaziale, ed \u00e8 proprietaria del sistema operativo real time per droni professionali ed il relativo Framework di sviluppo denominato Argo O.S.\",\"publisher\":{\"@id\":\"https:\/\/argoaerospace.it\/#organization\"},\"potentialAction\":[{\"@type\":\"SearchAction\",\"target\":{\"@type\":\"EntryPoint\",\"urlTemplate\":\"https:\/\/argoaerospace.it\/?s={search_term_string}\"},\"query-input\":{\"@type\":\"PropertyValueSpecification\",\"valueRequired\":true,\"valueName\":\"search_term_string\"}}],\"inLanguage\":\"en-GB\"},{\"@type\":\"Organization\",\"@id\":\"https:\/\/argoaerospace.it\/#organization\",\"name\":\"Argo Aerospace\",\"url\":\"https:\/\/argoaerospace.it\/\",\"logo\":{\"@type\":\"ImageObject\",\"inLanguage\":\"en-GB\",\"@id\":\"https:\/\/argoaerospace.it\/#\/schema\/logo\/image\/\",\"url\":\"https:\/\/argoaerospace.it\/wp-content\/uploads\/2021\/05\/cropped-favicon.png\",\"contentUrl\":\"https:\/\/argoaerospace.it\/wp-content\/uploads\/2021\/05\/cropped-favicon.png\",\"width\":512,\"height\":512,\"caption\":\"Argo Aerospace\"},\"image\":{\"@id\":\"https:\/\/argoaerospace.it\/#\/schema\/logo\/image\/\"},\"sameAs\":[\"https:\/\/www.linkedin.com\/company\/argo-aerospace\/\",\"https:\/\/www.youtube.com\/channel\/UCDD6MG9IOor_wSsxTvg2B3A\"]}]}<\/script>\n<!-- \/ Yoast SEO plugin. -->","yoast_head_json":{"title":"Legal Notices - Argo Aerospace","description":"Legal Notices - Argo Aerospace \u00e8 una Software House specializzata nella realizzazione di Sistemi Operativi real time per Droni Professionali.","robots":{"index":"index","follow":"follow","max-snippet":"max-snippet:-1","max-image-preview":"max-image-preview:large","max-video-preview":"max-video-preview:-1"},"canonical":"https:\/\/argoaerospace.it\/en\/legal-notices\/","og_locale":"en_GB","og_type":"article","og_title":"Legal Notices - Argo Aerospace","og_description":"Legal Notices - Argo Aerospace \u00e8 una Software House specializzata nella realizzazione di Sistemi Operativi real time per Droni Professionali.","og_url":"https:\/\/argoaerospace.it\/en\/legal-notices\/","og_site_name":"Argo Aerospace","article_modified_time":"2023-12-31T08:46:58+00:00","og_image":[{"width":1990,"height":314,"url":"https:\/\/argoaerospace.it\/wp-content\/uploads\/2021\/04\/logo-normal.png","type":"image\/png"}],"twitter_card":"summary_large_image","twitter_misc":{"Estimated reading time":"3 minutes"},"schema":{"@context":"https:\/\/schema.org","@graph":[{"@type":"WebPage","@id":"https:\/\/argoaerospace.it\/legal-notices\/","url":"https:\/\/argoaerospace.it\/legal-notices\/","name":"Legal Notices - Argo Aerospace","isPartOf":{"@id":"https:\/\/argoaerospace.it\/#website"},"datePublished":"2021-07-01T20:56:38+00:00","dateModified":"2023-12-31T08:46:58+00:00","description":"Legal Notices - Argo Aerospace \u00e8 una Software House specializzata nella realizzazione di Sistemi Operativi real time per Droni Professionali.","breadcrumb":{"@id":"https:\/\/argoaerospace.it\/legal-notices\/#breadcrumb"},"inLanguage":"en-GB","potentialAction":[{"@type":"ReadAction","target":["https:\/\/argoaerospace.it\/legal-notices\/"]}]},{"@type":"BreadcrumbList","@id":"https:\/\/argoaerospace.it\/legal-notices\/#breadcrumb","itemListElement":[{"@type":"ListItem","position":1,"name":"Home","item":"https:\/\/argoaerospace.it\/"},{"@type":"ListItem","position":2,"name":"Legal Notices"}]},{"@type":"WebSite","@id":"https:\/\/argoaerospace.it\/#website","url":"https:\/\/argoaerospace.it\/","name":"Argo Aerospace","description":"Argo Aerospace opera nel comparto ICT \u2013 Aerospaziale, ed \u00e8 proprietaria del sistema operativo real time per droni professionali ed il relativo Framework di sviluppo denominato Argo O.S.","publisher":{"@id":"https:\/\/argoaerospace.it\/#organization"},"potentialAction":[{"@type":"SearchAction","target":{"@type":"EntryPoint","urlTemplate":"https:\/\/argoaerospace.it\/?s={search_term_string}"},"query-input":{"@type":"PropertyValueSpecification","valueRequired":true,"valueName":"search_term_string"}}],"inLanguage":"en-GB"},{"@type":"Organization","@id":"https:\/\/argoaerospace.it\/#organization","name":"Argo Aerospace","url":"https:\/\/argoaerospace.it\/","logo":{"@type":"ImageObject","inLanguage":"en-GB","@id":"https:\/\/argoaerospace.it\/#\/schema\/logo\/image\/","url":"https:\/\/argoaerospace.it\/wp-content\/uploads\/2021\/05\/cropped-favicon.png","contentUrl":"https:\/\/argoaerospace.it\/wp-content\/uploads\/2021\/05\/cropped-favicon.png","width":512,"height":512,"caption":"Argo Aerospace"},"image":{"@id":"https:\/\/argoaerospace.it\/#\/schema\/logo\/image\/"},"sameAs":["https:\/\/www.linkedin.com\/company\/argo-aerospace\/","https:\/\/www.youtube.com\/channel\/UCDD6MG9IOor_wSsxTvg2B3A"]}]}},"_links":{"self":[{"href":"https:\/\/argoaerospace.it\/en\/wp-json\/wp\/v2\/pages\/2119","targetHints":{"allow":["GET"]}}],"collection":[{"href":"https:\/\/argoaerospace.it\/en\/wp-json\/wp\/v2\/pages"}],"about":[{"href":"https:\/\/argoaerospace.it\/en\/wp-json\/wp\/v2\/types\/page"}],"author":[{"embeddable":true,"href":"https:\/\/argoaerospace.it\/en\/wp-json\/wp\/v2\/users\/1"}],"replies":[{"embeddable":true,"href":"https:\/\/argoaerospace.it\/en\/wp-json\/wp\/v2\/comments?post=2119"}],"version-history":[{"count":11,"href":"https:\/\/argoaerospace.it\/en\/wp-json\/wp\/v2\/pages\/2119\/revisions"}],"predecessor-version":[{"id":2260,"href":"https:\/\/argoaerospace.it\/en\/wp-json\/wp\/v2\/pages\/2119\/revisions\/2260"}],"wp:attachment":[{"href":"https:\/\/argoaerospace.it\/en\/wp-json\/wp\/v2\/media?parent=2119"}],"curies":[{"name":"wp","href":"https:\/\/api.w.org\/{rel}","templated":true}]}}